{"id":626,"date":"2022-02-23T17:54:20","date_gmt":"2022-02-23T17:54:20","guid":{"rendered":"https:\/\/representant-fiscal.com\/?page_id=626"},"modified":"2025-10-17T12:12:01","modified_gmt":"2025-10-17T12:12:01","slug":"not-found","status":"publish","type":"page","link":"https:\/\/representant-fiscal.com\/fr\/not-found\/","title":{"rendered":""},"content":{"rendered":"\r\n<div class=\"vce-row-container\">\r\n<div id=\"el-2e61a3fc\" class=\"vce-row vce-element--has-background vce-row--col-gap-30 vce-row-equal-height vce-row-content--top\" data-vce-full-width=\"true\" data-vce-stretch-content=\"true\" data-vce-do-apply=\"all el-2e61a3fc\">\r\n<div class=\"vce-content-background-container\"><\/div>\r\n<div class=\"vce-row-content\" data-vce-element-content=\"true\">\r\n\r\n\r\n<div id=\"el-989144b9\" class=\"vce-col vce-col--md-auto vce-col--xs-1 vce-col--xs-last vce-col--xs-first vce-col--sm-last vce-col--sm-first vce-col--md-last vce-col--lg-last vce-col--xl-last vce-col--md-first vce-col--lg-first vce-col--xl-first\">\r\n<div class=\"vce-col-inner\" data-vce-do-apply=\"border margin background el-989144b9\">\r\n<div class=\"vce-col-content\" data-vce-element-content=\"true\" data-vce-do-apply=\"padding el-989144b9\">\r\n\r\n\r\n<div class=\"vce-single-image-container vce-single-image--align-center\">\r\n<div id=\"el-ece0342a\" class=\"vce vce-single-image-wrapper\" data-vce-do-apply=\"all el-ece0342a\">\r\n<figure>\r\n<div class=\"vce-single-image-figure-inner\" style=\"width: 150px;\">\r\n<div class=\"vce-single-image-inner vce-single-image--absolute\" style=\"width: 100%; padding-bottom: 60%;\"><img loading=\"lazy\" decoding=\"async\" class=\"vce-single-image\" title=\"\" src=\"https:\/\/representant-fiscal.com\/wp-content\/uploads\/2022\/02\/proposition-10@300x-150x150.png\" srcset=\"https:\/\/representant-fiscal.com\/wp-content\/uploads\/2022\/02\/proposition-10@300x-300x189.png 2x, https:\/\/representant-fiscal.com\/wp-content\/uploads\/2022\/02\/proposition-10@300x-150x150.png 150w\" alt=\"\" width=\"150\" height=\"90\" data-img-src=\"https:\/\/representant-fiscal.com\/wp-content\/uploads\/2022\/02\/proposition-10@300x.png\" data-attachment-id=\"562\" \/><\/div>\r\n<\/div>\r\n<figcaption hidden=\"\"><\/figcaption><\/figure>\r\n<\/div>\r\n<\/div>\r\n\r\n\r\n<\/div>\r\n<\/div>\r\n<\/div>\r\n\r\n\r\n<\/div>\r\n<\/div>\r\n<\/div>\r\n\r\n<div class=\"vce-row-container\">\r\n<div id=\"el-82176196\" class=\"vce-row vce-element--xl--has-background vce-element--lg--has-background vce-element--md--has-background vce-element--sm--has-background vce-row--col-gap-30 vce-row-equal-height vce-row-content--top\" data-vce-full-width=\"true\" data-vce-stretch-content=\"true\" data-vce-sticky-element=\"true\" data-vce-do-apply=\"all el-82176196\">\r\n<div class=\"vce-content-background-container\"><\/div>\r\n<div class=\"vce-row-content\" data-vce-element-content=\"true\">\r\n\r\n\r\n<div id=\"el-d10ebd5a\" class=\"vce-col vce-col--md-auto vce-col--xs-1 vce-col--xs-last vce-col--xs-first vce-col--sm-last vce-col--sm-first vce-col--md-last vce-col--lg-last vce-col--xl-last vce-col--md-first vce-col--lg-first vce-col--xl-first\">\r\n<div class=\"vce-col-inner\" data-vce-do-apply=\"border margin background el-d10ebd5a\">\r\n<div class=\"vce-col-content\" data-vce-element-content=\"true\" data-vce-do-apply=\"padding el-d10ebd5a\">\r\n\r\n\r\n<div id=\"el-29bac5cc\" class=\"vce-basic-menu-container\" data-vce-basic-menu=\"true\" data-vce-basic-menu-to-sandwich=\"\">\r\n<div class=\"vce-basic-menu-inner vce vce-basic-menu--style-text--color-b-25-72-98 vce-basic-menu--style-text--hover-color-b-190-50-69 vce-basic-menu--style-sub-menu-text--color-b-33-33-33 vce-basic-menu--style-sub-menu-text--hover-color-b-225-22-18 vce-basic-menu--style-sub-menu-background--color-ffffff vce-basic-menu--style-sub-menu-outline--color-EDEDED\" data-vce-do-apply=\"margin padding border background el-29bac5cc\">\r\n<div class=\"vce-basic-menu\" style=\"font-size: 16px;\">\r\n<div class=\"vce-basic-menu-wrapper vce-basic-menu--alignment-center\"><nav class=\"menu-menu-container\"><ul  class=\"menu\"><li class=\"menu-item menu-item-type-post_type menu-item-object-page menu-item-home menu-item-2076\"><a href=\"https:\/\/representant-fiscal.com\/fr\/\">Accueil<\/a><\/li>\n<li class=\"menu-item menu-item-type-post_type menu-item-object-page menu-item-318\"><a href=\"https:\/\/representant-fiscal.com\/fr\/representant-fiscal-tva-intracommunautaire-france\/\">TVA<\/a><\/li>\n<li class=\"menu-item menu-item-type-post_type menu-item-object-page menu-item-317\"><a href=\"https:\/\/representant-fiscal.com\/fr\/douane-deb-des-representant-fiscal\/\">Douane<\/a><\/li>\n<li class=\"menu-item menu-item-type-post_type menu-item-object-page menu-item-316\"><a href=\"https:\/\/representant-fiscal.com\/fr\/prelevement-a-la-source-en-france-pour-les-entreprises-etrangeres\/\">Pr\u00e9l\u00e8vement \u00e0 la source<\/a><\/li>\n<li class=\"menu-item menu-item-type-post_type menu-item-object-page menu-item-319\"><a href=\"https:\/\/representant-fiscal.com\/fr\/tgap-ticgn-ticpe-ticc-tca-taxation-des-boissons\/\">Taxes assimil\u00e9es<\/a><\/li>\n<li class=\"mail menu-item menu-item-type-custom menu-item-object-custom menu-item-1623\"><a href=\"mailto:contact@representant-fiscal.com\">\u2709<\/a><\/li>\n<li class=\"menu-item menu-item-type-post_type menu-item-object-page menu-item-5819636\"><a href=\"https:\/\/representant-fiscal.com\/fr\/contact\/\">Contact<\/a><\/li>\n<li class=\"numero-telephone menu-item menu-item-type-custom menu-item-object-custom menu-item-895\"><a title=\"numero\" href=\"tel:+33139706482\">+33 1 39 70 64 82<\/a><\/li>\n<li class=\"menu-item wpml-ls-slot-2 wpml-ls-item wpml-ls-item-fr wpml-ls-current-language wpml-ls-menu-item menu-item-type-wpml_ls_menu_item menu-item-object-wpml_ls_menu_item menu-item-has-children menu-item-wpml-ls-2-fr\"><a href=\"https:\/\/representant-fiscal.com\/fr\/\" role=\"menuitem\"><img\n            class=\"wpml-ls-flag\"\n            src=\"https:\/\/representant-fiscal.com\/wp-content\/plugins\/sitepress-multilingual-cms\/res\/flags\/fr.svg\"\n            alt=\"\"\n            \n            \n    \/><span class=\"wpml-ls-native\" lang=\"fr\">Fran\u00e7ais<\/span><\/a>\n<ul class=\"sub-menu\">\n\t<li class=\"menu-item wpml-ls-slot-2 wpml-ls-item wpml-ls-item-en wpml-ls-menu-item wpml-ls-first-item menu-item-type-wpml_ls_menu_item menu-item-object-wpml_ls_menu_item menu-item-wpml-ls-2-en\"><a title=\"Passer \u00e0 Anglais(English)\" href=\"https:\/\/representant-fiscal.com\/\" aria-label=\"Passer \u00e0 Anglais(English)\" role=\"menuitem\"><img\n            class=\"wpml-ls-flag\"\n            src=\"https:\/\/representant-fiscal.com\/wp-content\/plugins\/sitepress-multilingual-cms\/res\/flags\/en.svg\"\n            alt=\"\"\n            \n            \n    \/><span class=\"wpml-ls-native\" lang=\"en\">English<\/span><span class=\"wpml-ls-display\"><span class=\"wpml-ls-bracket\"> (<\/span>Anglais<span class=\"wpml-ls-bracket\">)<\/span><\/span><\/a><\/li>\n\t<li class=\"menu-item wpml-ls-slot-2 wpml-ls-item wpml-ls-item-ja wpml-ls-menu-item wpml-ls-last-item menu-item-type-wpml_ls_menu_item menu-item-object-wpml_ls_menu_item menu-item-wpml-ls-2-ja\"><a title=\"Passer \u00e0 Japonais(\u65e5\u672c\u8a9e)\" href=\"https:\/\/representant-fiscal.com\/ja\/\" aria-label=\"Passer \u00e0 Japonais(\u65e5\u672c\u8a9e)\" role=\"menuitem\"><img\n            class=\"wpml-ls-flag\"\n            src=\"https:\/\/representant-fiscal.com\/wp-content\/plugins\/sitepress-multilingual-cms\/res\/flags\/ja.svg\"\n            alt=\"\"\n            \n            \n    \/><span class=\"wpml-ls-native\" lang=\"ja\">\u65e5\u672c\u8a9e<\/span><span class=\"wpml-ls-display\"><span class=\"wpml-ls-bracket\"> (<\/span>Japonais<span class=\"wpml-ls-bracket\">)<\/span><\/span><\/a><\/li>\n<\/ul>\n<\/li>\n<\/ul><\/nav><\/div>\r\n<\/div>\r\n<\/div>\r\n<\/div>\r\n\r\n\r\n<\/div>\r\n<\/div>\r\n<\/div>\r\n\r\n\r\n<\/div>\r\n<\/div>\r\n<\/div>\r\n\r\n<div class=\"vce-row-container\" data-vce-boxed-width=\"true\">\r\n<div id=\"el-6ab66016\" class=\"vce-row vce-row--col-gap-30 vce-row-equal-height vce-row-content--top\" data-vce-do-apply=\"all el-6ab66016\">\r\n<div class=\"vce-content-background-container\"><\/div>\r\n<div class=\"vce-row-content\" data-vce-element-content=\"true\">\r\n\r\n\r\n<div id=\"el-395bec08\" class=\"vce-col vce-col--md-auto vce-col--xs-1 vce-col--xs-last vce-col--xs-first vce-col--sm-last vce-col--sm-first vce-col--md-last vce-col--lg-last vce-col--xl-last vce-col--md-first vce-col--lg-first vce-col--xl-first\">\r\n<div class=\"vce-col-inner\" data-vce-do-apply=\"border margin background el-395bec08\">\r\n<div class=\"vce-col-content\" data-vce-element-content=\"true\" data-vce-do-apply=\"padding el-395bec08\">\r\n\r\n\r\n<div class=\"vce-text-block\">\r\n<div id=\"el-47722695\" class=\"vce-text-block-wrapper vce\" data-vce-do-apply=\"all el-47722695\">\r\n<h1 style=\"text-align: center;\"><span style=\"color: #194862; font-size: 18pt;\"><span style=\"letter-spacing: 1px;\">Page introuvable<\/span><\/span><\/h1>\r\n<p class=\"whitespace-break-spaces\">La page que vous recherchez n\u2019est pas disponible ou a \u00e9t\u00e9 d\u00e9plac\u00e9e.<\/p>\r\n<p class=\"whitespace-break-spaces\">Vous pouvez :<\/p>\r\n\u00a0 \u00a0 <a class=\"fade-in\" href=\"\/\" target=\"_blank\" rel=\"nofollow noopener noreferrer external\">Retourner \u00e0 l\u2019accueil<\/a> pour acc\u00e9der \u00e0 nos services et contenus.\r\n\r\nNous contacter, ci-dessous, pour \u00e9changer sur votre besoin.\r\n<p class=\"whitespace-break-spaces\">Nous vous remercions de votre compr\u00e9hension.<\/p>\r\n\r\n<\/div>\r\n<\/div>\r\n\r\n<div class=\"vce-button--style-basic-container vce-button--style-basic-container--align-center\"><span id=\"el-caacf2dc\" class=\"vce-button--style-basic-wrapper vce\" data-vce-do-apply=\"margin el-caacf2dc\"><a class=\"vce-button vce-button--style-basic vce-button--style-basic--border-round vce-button--style-basic--size-small vce-button--style-basic--color-b-190-50-69--fff\" title=\"\" href=\"mailto:contact@representant-fiscal.com\" data-vce-do-apply=\"padding border background el-caacf2dc\">contact(at)representant-fiscal.com <\/a><\/span><\/div>\r\n\r\n<div class=\"vce-text-block\">\r\n<div id=\"el-93a0e762\" class=\"vce-text-block-wrapper vce\" data-vce-do-apply=\"all el-93a0e762\">\r\n<h1 style=\"text-align: center;\"><span style=\"font-size: 16pt;\"><a href=\"tel:0033139706482\"><span style=\"color: #be3245;\"><span style=\"letter-spacing: 1px;\">+33 (0) 1 39 70 64 82<\/span><\/span><\/a><\/span><\/h1>\r\n<\/div>\r\n<\/div>\r\n\r\n<div class=\"vce-single-image-container vce-single-image--align-center\">\r\n<div id=\"el-b7006533\" class=\"vce vce-single-image-wrapper\" data-vce-do-apply=\"all el-b7006533\">\r\n<figure>\r\n<div class=\"vce-single-image-figure-inner\" style=\"width: 300px;\">\r\n<div class=\"vce-single-image-inner vce-single-image--absolute\" style=\"width: 100%; padding-bottom: 62.6667%;\"><img loading=\"lazy\" decoding=\"async\" class=\"vce-single-image\" title=\"\" src=\"https:\/\/representant-fiscal.com\/wp-content\/uploads\/2022\/02\/AFC-Baseline_FR-300x189.png\" srcset=\"https:\/\/representant-fiscal.com\/wp-content\/uploads\/2022\/02\/AFC-Baseline_FR-300x189.png 300w, https:\/\/representant-fiscal.com\/wp-content\/uploads\/2025\/10\/AFC-Baseline_FR-320x201.png 320w, https:\/\/representant-fiscal.com\/wp-content\/uploads\/2025\/10\/AFC-Baseline_FR-480x301.png 480w, https:\/\/representant-fiscal.com\/wp-content\/uploads\/2025\/10\/AFC-Baseline_FR-800x501.png 800w, https:\/\/representant-fiscal.com\/wp-content\/uploads\/2025\/10\/AFC-Baseline_FR-600x376.png 2x\" alt=\"\" width=\"300\" height=\"188\" data-img-src=\"https:\/\/representant-fiscal.com\/wp-content\/uploads\/2022\/02\/AFC-Baseline_FR.png\" data-attachment-id=\"631\" \/><\/div>\r\n<\/div>\r\n<figcaption hidden=\"\"><\/figcaption><\/figure>\r\n<\/div>\r\n<\/div>\r\n\r\n<div class=\"vce-text-block\">\r\n<div id=\"el-35b3ff9a\" class=\"vce-text-block-wrapper vce\" data-vce-do-apply=\"all el-35b3ff9a\">\r\n<h1 style=\"text-align: center;\"><span style=\"color: #be3245; font-size: 18pt;\"><em><span style=\"letter-spacing: 1px;\">Page Not Found<\/span><\/em><\/span><\/h1>\r\nThe page you are looking for is not available or may have been moved.\r\n\r\nYou can:\r\n\r\n<a href=\"\/\">Return to the homepage<\/a> to access our services and content.\r\n\r\nContact us below to discuss your needs.\r\n\r\nThank you for your understanding.\r\n<div><\/div>\r\n<\/div>\r\n<\/div>\r\n\r\n<div class=\"vce-button--style-basic-container vce-button--style-basic-container--align-center\"><span id=\"el-848545fd\" class=\"vce-button--style-basic-wrapper vce\" data-vce-do-apply=\"margin el-848545fd\"><a class=\"vce-button vce-button--style-basic vce-button--style-basic--border-round vce-button--style-basic--size-small vce-button--style-basic--color-b-190-50-69--fff\" title=\"\" href=\"mailto:contact@representant-fiscal.com\" data-vce-do-apply=\"padding border background el-848545fd\">contact(at)representant-fiscal.com <\/a><\/span><\/div>\r\n\r\n<div class=\"vce-text-block\">\r\n<div id=\"el-91021583\" class=\"vce-text-block-wrapper vce\" data-vce-do-apply=\"all el-91021583\">\r\n<h1 style=\"text-align: center;\"><span style=\"font-size: 16pt;\"><a href=\"tel:0033139706482\"><span style=\"color: #be3245;\"><span style=\"letter-spacing: 1px;\">+33 (0) 1 39 70 64 82<\/span><\/span><\/a><\/span><\/h1>\r\n<\/div>\r\n<\/div>\r\n\r\n\r\n<\/div>\r\n<\/div>\r\n<\/div>\r\n\r\n\r\n<\/div>\r\n<\/div>\r\n<\/div>\r\n\r\n<div class=\"vce-row-container\" data-vce-boxed-width=\"true\">\r\n<div id=\"el-4a3ccf1f\" class=\"vce-row vce-row--col-gap-30 vce-row-equal-height vce-row-content--top\" data-vce-do-apply=\"all el-4a3ccf1f\">\r\n<div class=\"vce-row-content\" data-vce-element-content=\"true\">\r\n\r\n\r\n<div id=\"el-bb572c09\" class=\"vce-col vce-col--md-auto vce-col--xs-1 vce-col--xs-last vce-col--xs-first vce-col--sm-last vce-col--sm-first vce-col--md-last vce-col--lg-last vce-col--xl-last vce-col--md-first vce-col--lg-first vce-col--xl-first\">\r\n<div class=\"vce-col-inner\" data-vce-do-apply=\"border margin background el-bb572c09\">\r\n<div class=\"vce-col-content\" data-vce-element-content=\"true\" data-vce-do-apply=\"padding el-bb572c09\">\r\n\r\n\r\n<div class=\"vce-single-image-container vce-single-image--align-center\">\r\n<div id=\"el-3c242b43\" class=\"vce vce-single-image-wrapper\" data-vce-do-apply=\"all el-3c242b43\">\r\n<figure>\r\n<div class=\"vce-single-image-figure-inner\" style=\"width: 300px;\">\r\n<div class=\"vce-single-image-inner vce-single-image--absolute\" style=\"width: 100%; padding-bottom: 62.6667%;\"><img loading=\"lazy\" decoding=\"async\" class=\"vce-single-image\" title=\"\" src=\"https:\/\/representant-fiscal.com\/wp-content\/uploads\/2022\/02\/AFC_Baseline_EN-300x189.png\" srcset=\"https:\/\/representant-fiscal.com\/wp-content\/uploads\/2022\/02\/AFC_Baseline_EN-300x189.png 300w, https:\/\/representant-fiscal.com\/wp-content\/uploads\/2025\/10\/AFC_Baseline_EN-320x201.png 320w, https:\/\/representant-fiscal.com\/wp-content\/uploads\/2025\/10\/AFC_Baseline_EN-480x301.png 480w, https:\/\/representant-fiscal.com\/wp-content\/uploads\/2025\/10\/AFC_Baseline_EN-800x501.png 800w, https:\/\/representant-fiscal.com\/wp-content\/uploads\/2025\/10\/AFC_Baseline_EN-600x376.png 2x\" alt=\"\" width=\"300\" height=\"188\" data-img-src=\"https:\/\/representant-fiscal.com\/wp-content\/uploads\/2022\/02\/AFC_Baseline_EN.png\" data-attachment-id=\"632\" \/><\/div>\r\n<\/div>\r\n<figcaption hidden=\"\"><\/figcaption><\/figure>\r\n<\/div>\r\n<\/div>\r\n\r\n\r\n<\/div>\r\n<\/div>\r\n<\/div>\r\n\r\n\r\n<\/div>\r\n<\/div>\r\n<\/div>\r\n\n","protected":false},"excerpt":{"rendered":"<p>Page introuvable La page que vous recherchez n\u2019est pas disponible ou a \u00e9t\u00e9 d\u00e9plac\u00e9e. Vous pouvez : \u00a0 \u00a0 Retourner \u00e0 l\u2019accueil pour acc\u00e9der \u00e0 nos services et contenus. Nous contacter, ci-dessous, pour \u00e9changer sur votre besoin. Nous vous remercions de votre compr\u00e9hension. contact(at)representant-fiscal.com +33 (0) 1 39 70 64 82 Page Not Found The [&hellip;]<\/p>\n","protected":false},"author":6,"featured_media":0,"parent":0,"menu_order":0,"comment_status":"closed","ping_status":"closed","template":"","meta":{"footnotes":""},"class_list":["post-626","page","type-page","status-publish","hentry"],"yoast_head":"<!-- This site is optimized with the Yoast SEO plugin v27.4 - https:\/\/yoast.com\/product\/yoast-seo-wordpress\/ -->\n<title>Page introuvable - Page Not Found - AFC Repr\u00e9sentation Fiscale<\/title>\n<meta name=\"robots\" content=\"index, follow, max-snippet:-1, max-image-preview:large, max-video-preview:-1\" \/>\n<link rel=\"canonical\" href=\"https:\/\/representant-fiscal.com\/fr\/not-found\/\" \/>\n<meta property=\"og:locale\" content=\"fr_FR\" \/>\n<meta property=\"og:type\" content=\"article\" \/>\n<meta property=\"og:title\" content=\"Page introuvable - Page Not Found - AFC Repr\u00e9sentation Fiscale\" \/>\n<meta property=\"og:description\" content=\"Page introuvable La page que vous recherchez n\u2019est pas disponible ou a \u00e9t\u00e9 d\u00e9plac\u00e9e. Vous pouvez : \u00a0 \u00a0 Retourner \u00e0 l\u2019accueil pour acc\u00e9der \u00e0 nos services et contenus. Nous contacter, ci-dessous, pour \u00e9changer sur votre besoin. Nous vous remercions de votre compr\u00e9hension. contact(at)representant-fiscal.com +33 (0) 1 39 70 64 82 Page Not Found The [&hellip;]\" \/>\n<meta property=\"og:url\" content=\"https:\/\/representant-fiscal.com\/fr\/not-found\/\" \/>\n<meta property=\"og:site_name\" content=\"AFC Repr\u00e9sentation Fiscale\" \/>\n<meta property=\"article:modified_time\" content=\"2025-10-17T12:12:01+00:00\" \/>\n<meta property=\"og:image\" content=\"https:\/\/representant-fiscal.com\/wp-content\/uploads\/2022\/02\/proposition-10@300x-150x150.png\" \/>\n<meta name=\"twitter:card\" content=\"summary_large_image\" \/>\n<meta name=\"twitter:label1\" content=\"Dur\u00e9e de lecture estim\u00e9e\" \/>\n\t<meta name=\"twitter:data1\" content=\"2 minutes\" \/>\n<script type=\"application\/ld+json\" class=\"yoast-schema-graph\">{\"@context\":\"https:\\\/\\\/schema.org\",\"@graph\":[{\"@type\":\"WebPage\",\"@id\":\"https:\\\/\\\/representant-fiscal.com\\\/fr\\\/not-found\\\/\",\"url\":\"https:\\\/\\\/representant-fiscal.com\\\/fr\\\/not-found\\\/\",\"name\":\"Page introuvable - Page Not Found - AFC Repr\u00e9sentation Fiscale\",\"isPartOf\":{\"@id\":\"https:\\\/\\\/representant-fiscal.com\\\/fr\\\/#website\"},\"primaryImageOfPage\":{\"@id\":\"https:\\\/\\\/representant-fiscal.com\\\/fr\\\/not-found\\\/#primaryimage\"},\"image\":{\"@id\":\"https:\\\/\\\/representant-fiscal.com\\\/fr\\\/not-found\\\/#primaryimage\"},\"thumbnailUrl\":\"https:\\\/\\\/representant-fiscal.com\\\/wp-content\\\/uploads\\\/2022\\\/02\\\/proposition-10@300x-150x150.png\",\"datePublished\":\"2022-02-23T17:54:20+00:00\",\"dateModified\":\"2025-10-17T12:12:01+00:00\",\"breadcrumb\":{\"@id\":\"https:\\\/\\\/representant-fiscal.com\\\/fr\\\/not-found\\\/#breadcrumb\"},\"inLanguage\":\"fr-FR\",\"potentialAction\":[{\"@type\":\"ReadAction\",\"target\":[\"https:\\\/\\\/representant-fiscal.com\\\/fr\\\/not-found\\\/\"]}]},{\"@type\":\"ImageObject\",\"inLanguage\":\"fr-FR\",\"@id\":\"https:\\\/\\\/representant-fiscal.com\\\/fr\\\/not-found\\\/#primaryimage\",\"url\":\"https:\\\/\\\/representant-fiscal.com\\\/wp-content\\\/uploads\\\/2022\\\/02\\\/proposition-10@300x-150x150.png\",\"contentUrl\":\"https:\\\/\\\/representant-fiscal.com\\\/wp-content\\\/uploads\\\/2022\\\/02\\\/proposition-10@300x-150x150.png\"},{\"@type\":\"BreadcrumbList\",\"@id\":\"https:\\\/\\\/representant-fiscal.com\\\/fr\\\/not-found\\\/#breadcrumb\",\"itemListElement\":[{\"@type\":\"ListItem\",\"position\":1,\"name\":\"Accueil\",\"item\":\"https:\\\/\\\/representant-fiscal.com\\\/fr\\\/\"},{\"@type\":\"ListItem\",\"position\":2,\"name\":\"Page introuvable &#8211; Page Not Found\"}]},{\"@type\":\"WebSite\",\"@id\":\"https:\\\/\\\/representant-fiscal.com\\\/fr\\\/#website\",\"url\":\"https:\\\/\\\/representant-fiscal.com\\\/fr\\\/\",\"name\":\"AFC Repr\u00e9sentation Fiscale\",\"description\":\"Repr\u00e9sentant Fiscal Accr\u00e9dit\u00e9\",\"potentialAction\":[{\"@type\":\"SearchAction\",\"target\":{\"@type\":\"EntryPoint\",\"urlTemplate\":\"https:\\\/\\\/representant-fiscal.com\\\/fr\\\/?s={search_term_string}\"},\"query-input\":{\"@type\":\"PropertyValueSpecification\",\"valueRequired\":true,\"valueName\":\"search_term_string\"}}],\"inLanguage\":\"fr-FR\"}]}<\/script>\n<!-- \/ Yoast SEO plugin. -->","yoast_head_json":{"title":"Page introuvable - Page Not Found - AFC Repr\u00e9sentation Fiscale","robots":{"index":"index","follow":"follow","max-snippet":"max-snippet:-1","max-image-preview":"max-image-preview:large","max-video-preview":"max-video-preview:-1"},"canonical":"https:\/\/representant-fiscal.com\/fr\/not-found\/","og_locale":"fr_FR","og_type":"article","og_title":"Page introuvable - Page Not Found - AFC Repr\u00e9sentation Fiscale","og_description":"Page introuvable La page que vous recherchez n\u2019est pas disponible ou a \u00e9t\u00e9 d\u00e9plac\u00e9e. Vous pouvez : \u00a0 \u00a0 Retourner \u00e0 l\u2019accueil pour acc\u00e9der \u00e0 nos services et contenus. Nous contacter, ci-dessous, pour \u00e9changer sur votre besoin. Nous vous remercions de votre compr\u00e9hension. contact(at)representant-fiscal.com +33 (0) 1 39 70 64 82 Page Not Found The [&hellip;]","og_url":"https:\/\/representant-fiscal.com\/fr\/not-found\/","og_site_name":"AFC Repr\u00e9sentation Fiscale","article_modified_time":"2025-10-17T12:12:01+00:00","og_image":[{"url":"https:\/\/representant-fiscal.com\/wp-content\/uploads\/2022\/02\/proposition-10@300x-150x150.png","type":"","width":"","height":""}],"twitter_card":"summary_large_image","twitter_misc":{"Dur\u00e9e de lecture estim\u00e9e":"2 minutes"},"schema":{"@context":"https:\/\/schema.org","@graph":[{"@type":"WebPage","@id":"https:\/\/representant-fiscal.com\/fr\/not-found\/","url":"https:\/\/representant-fiscal.com\/fr\/not-found\/","name":"Page introuvable - Page Not Found - AFC Repr\u00e9sentation Fiscale","isPartOf":{"@id":"https:\/\/representant-fiscal.com\/fr\/#website"},"primaryImageOfPage":{"@id":"https:\/\/representant-fiscal.com\/fr\/not-found\/#primaryimage"},"image":{"@id":"https:\/\/representant-fiscal.com\/fr\/not-found\/#primaryimage"},"thumbnailUrl":"https:\/\/representant-fiscal.com\/wp-content\/uploads\/2022\/02\/proposition-10@300x-150x150.png","datePublished":"2022-02-23T17:54:20+00:00","dateModified":"2025-10-17T12:12:01+00:00","breadcrumb":{"@id":"https:\/\/representant-fiscal.com\/fr\/not-found\/#breadcrumb"},"inLanguage":"fr-FR","potentialAction":[{"@type":"ReadAction","target":["https:\/\/representant-fiscal.com\/fr\/not-found\/"]}]},{"@type":"ImageObject","inLanguage":"fr-FR","@id":"https:\/\/representant-fiscal.com\/fr\/not-found\/#primaryimage","url":"https:\/\/representant-fiscal.com\/wp-content\/uploads\/2022\/02\/proposition-10@300x-150x150.png","contentUrl":"https:\/\/representant-fiscal.com\/wp-content\/uploads\/2022\/02\/proposition-10@300x-150x150.png"},{"@type":"BreadcrumbList","@id":"https:\/\/representant-fiscal.com\/fr\/not-found\/#breadcrumb","itemListElement":[{"@type":"ListItem","position":1,"name":"Accueil","item":"https:\/\/representant-fiscal.com\/fr\/"},{"@type":"ListItem","position":2,"name":"Page introuvable &#8211; Page Not Found"}]},{"@type":"WebSite","@id":"https:\/\/representant-fiscal.com\/fr\/#website","url":"https:\/\/representant-fiscal.com\/fr\/","name":"AFC Repr\u00e9sentation Fiscale","description":"Repr\u00e9sentant Fiscal Accr\u00e9dit\u00e9","potentialAction":[{"@type":"SearchAction","target":{"@type":"EntryPoint","urlTemplate":"https:\/\/representant-fiscal.com\/fr\/?s={search_term_string}"},"query-input":{"@type":"PropertyValueSpecification","valueRequired":true,"valueName":"search_term_string"}}],"inLanguage":"fr-FR"}]}},"_links":{"self":[{"href":"https:\/\/representant-fiscal.com\/fr\/wp-json\/wp\/v2\/pages\/626","targetHints":{"allow":["GET"]}}],"collection":[{"href":"https:\/\/representant-fiscal.com\/fr\/wp-json\/wp\/v2\/pages"}],"about":[{"href":"https:\/\/representant-fiscal.com\/fr\/wp-json\/wp\/v2\/types\/page"}],"author":[{"embeddable":true,"href":"https:\/\/representant-fiscal.com\/fr\/wp-json\/wp\/v2\/users\/6"}],"replies":[{"embeddable":true,"href":"https:\/\/representant-fiscal.com\/fr\/wp-json\/wp\/v2\/comments?post=626"}],"version-history":[{"count":3,"href":"https:\/\/representant-fiscal.com\/fr\/wp-json\/wp\/v2\/pages\/626\/revisions"}],"predecessor-version":[{"id":5818594,"href":"https:\/\/representant-fiscal.com\/fr\/wp-json\/wp\/v2\/pages\/626\/revisions\/5818594"}],"wp:attachment":[{"href":"https:\/\/representant-fiscal.com\/fr\/wp-json\/wp\/v2\/media?parent=626"}],"curies":[{"name":"wp","href":"https:\/\/api.w.org\/{rel}","templated":true}]}}